{"id":6,"date":"2021-10-28T05:47:03","date_gmt":"2021-10-28T05:47:03","guid":{"rendered":"https:\/\/allgreen-development.de\/?page_id=6"},"modified":"2026-02-04T06:50:36","modified_gmt":"2026-02-04T06:50:36","slug":"startseite","status":"publish","type":"page","link":"https:\/\/allgreen-development.de\/","title":{"rendered":"Startseite"},"content":{"rendered":"\n<figure data-animation-delay=\"0\" data-animation-duration=\"1\" itemscope itemtype=\"https:\/\/schema.org\/ImageObject\">\n\t\t\t\t<img decoding=\"async\" src=\"https:\/\/allgreen-development.de\/wp-content\/uploads\/2021\/10\/familia-3.svg\" alt=\"familia\" height=\"3410\" width=\"3263\" title=\"familia\" onerror=\"this.style.display='none'\" loading=\"lazy\" \/>\n\t<\/figure>\n<h1  data-animation-delay=\"0\" data-animation-duration=\"1\">\n\t\t\tDie Zukunft wohnt gesund.\t<\/h1>\n\t<p>Wir verbringen nicht erst seit Corona immer mehr Zeit in den eigenen 4 W\u00e4nden. Darum ist ein gesundes Zuhause so wichtig. Wir haben uns zum Ziel gemacht, lebenswerte, klimaneutrale und schadstofffreie Geb\u00e4ude zu konstruieren und unseren Kunden ein generationengerechtes und modern ausgerichtetes Zuhause zu schaffen.<\/p>\n<figure data-animation-delay=\"0\" data-animation-duration=\"1\" itemscope itemtype=\"https:\/\/schema.org\/ImageObject\">\n\t\t\t\t<img decoding=\"async\" src=\"https:\/\/allgreen-development.de\/wp-content\/uploads\/2021\/10\/leaf-1.svg\" alt=\"leaf\" height=\"375\" width=\"462\" title=\"leaf\" onerror=\"this.style.display='none'\" loading=\"lazy\" \/>\n\t<\/figure>\n\t<h3>Allgreen GmbH<\/h3>\n<p>Wir setzen auf \u00fcber 20 Jahre Erfahrung im Bauwesen und haben viele Projekte in Hamburg und ganz Deutschland entwickelt. Die noch junge Allgreen GmbH ist seit 2021 unser Ansatz f\u00fcr eine klimaneutrale Ausrichtung mit besonderem Fokus auf Wohngesundheit bei unseren Bauvorhaben.<\/p>\n<figure data-animation-delay=\"0\" data-animation-duration=\"1\" itemscope itemtype=\"https:\/\/schema.org\/ImageObject\">\n\t\t\t\t<img decoding=\"async\" src=\"https:\/\/allgreen-development.de\/wp-content\/uploads\/2021\/10\/modular-2.svg\" alt=\"modular\" height=\"375\" width=\"462\" title=\"modular\" onerror=\"this.style.display='none'\" loading=\"lazy\" \/>\n\t<\/figure>\n\t<h3>Modulare Bauweise<\/h3>\n<p>Modulare H\u00e4user aus nat\u00fcrlichen Baumaterialien wie Lehm, Stein und Holz machen es einfach und erschwinglich gesunde und nachhaltige Lebensr\u00e4ume zu schaffen.<\/p>\n<figure data-animation-delay=\"0\" data-animation-duration=\"1\" itemscope itemtype=\"https:\/\/schema.org\/ImageObject\">\n\t\t\t\t<img decoding=\"async\" src=\"https:\/\/allgreen-development.de\/wp-content\/uploads\/2021\/10\/home-1.svg\" alt=\"home\" height=\"375\" width=\"462\" title=\"home\" onerror=\"this.style.display='none'\" loading=\"lazy\" \/>\n\t<\/figure>\n\t<h3>Nachhaltig &amp; Gesund<\/h3>\n<p>Die Einbeziehung nachhaltiger Praktiken ist f\u00fcr uns von entscheidender Bedeutung. Wir haben uns zum Ziel gemacht, lebenswerte, klimaneutrale und schadstofffreie Geb\u00e4ude zu konstruieren. Dabei machen wir uns alle Vorteile der modernen, industriellen Produktion zu nutze um dies kosteng\u00fcnstig umsetzen zu k\u00f6nnen.<\/p>\n\t\t\t\t<p>\u201eUnser Motto ist: Zur\u00fcck zu den Wurzeln! &#8211; aber mit moderner Technologie.&#8220;<\/p>\n\t\t\t\t<h4>Nadjibollah Collangari, CEO<\/h4>\n\t<p>Seit 20 Jahren bauen wir mit Sorgfalt sch\u00f6ne und funktionale H\u00e4user und verleihen dabei jedem Projekt eine Seele. Wir lieben Nachhaltigkeit und unser Ziel ist es, Ihnen ein Zuhause zu schaffen, welches Ihnen Geborgenheit, Sicherheit gibt und in dem Sie sich einfach wohl f\u00fchlen.<\/p>\n<figure data-animation-delay=\"0\" data-animation-duration=\"1\" itemscope itemtype=\"https:\/\/schema.org\/ImageObject\">\n\t\t\t\t<img decoding=\"async\" src=\"https:\/\/allgreen-development.de\/wp-content\/uploads\/2021\/10\/PHOTO-2021-02-18-21-41-12.jpg\" alt=\"PHOTO-2021-02-18-21-41-12\" height=\"768\" width=\"1024\" title=\"PHOTO-2021-02-18-21-41-12\" onerror=\"this.style.display='none'\" loading=\"lazy\" \/>\n\t<\/figure>\n<figure data-animation-delay=\"0\" data-animation-duration=\"1\" itemscope itemtype=\"https:\/\/schema.org\/ImageObject\">\n\t\t\t\t<img decoding=\"async\" src=\"https:\/\/allgreen-development.de\/wp-content\/uploads\/2021\/10\/plan-1024x512.png\" alt=\"plan\" height=\"512\" width=\"1024\" title=\"plan\" onerror=\"this.style.display='none'\" loading=\"lazy\" \/>\n\t<\/figure>\n\t<p>Wir begleiten Ihr Projekt durch alle Phasen der Fertigstellung: Von der Projektentwicklung, \u00fcber die Planung bis hin zur Grundsteinlegung und schlie\u00dflich zur Schl\u00fcssel\u00fcbergabe.<\/p>\n<h2>\n\t\t\tUnser Netzwerk ist unsere St\u00e4rke\t<\/h2>\n\t<p>Durch unser weit gef\u00e4chertes Partner-Netzwerk k\u00f6nnen wir skalierbare L\u00f6sungen anbieten und Projekte fast jeder Gr\u00f6\u00dfenordnung umsetzen. Sprechen Sie uns gerne an!<\/p>\n<h1  data-animation-delay=\"0\" data-animation-duration=\"1\">\n\t\t\tGesch\u00e4ftsleitung\t<\/h1>\n\t\t<h3>\n\t\t\tNadjibollah Collangari\n\t\t\t\t\t\t\t\t\t\t\tCEO\n\t\t<\/h3>\n\t\t\t<p>Hat mit der Allbau GmbH \u00fcber 20 Jahre Erfahrung in der Baubranche, einem seit 1956 existierenden Familienunternehmen welches er von seinem Vater \u00fcbernahm.<\/p>\t\t\n\t\t<h3>\n\t\t\tStefan August Glasner\n\t\t\t\t\t\t\t\t\t\t\tGesch\u00e4ftsf\u00fchrer\n\t\t<\/h3>\n\t\t\t<p>ist Wirtschaftsingenieur und hat langj\u00e4hrige Erfahrung im Asset-Management<\/p>\t\t\n\t<div class='fluentform ff-default fluentform_wrapper_1 ffs_default_wrap'><form data-form_id=\"1\" id=\"fluentform_1\" class=\"frm-fluent-form fluent_form_1 ff-el-form-top ff_form_instance_1_1 ff-form-loading ffs_default\" data-form_instance=\"ff_form_instance_1_1\" method=\"POST\" ><fieldset  style=\"border: none!important;margin: 0!important;padding: 0!important;background-color: transparent!important;box-shadow: none!important;outline: none!important; min-inline-size: 100%;\">\n                    <legend class=\"ff_screen_reader_title\" style=\"display: block; margin: 0!important;padding: 0!important;height: 0!important;text-indent: -999999px;width: 0!important;overflow:hidden;\">Contact Form Demo<\/legend><input type='hidden' name='__fluent_form_embded_post_id' value='6' \/><input type=\"hidden\" id=\"_fluentform_1_fluentformnonce\" name=\"_fluentform_1_fluentformnonce\" value=\"49c8d6e9ee\" \/><input type=\"hidden\" name=\"_wp_http_referer\" value=\"\/index.php\/wp-json\/wp\/v2\/pages\/6\" \/><div data-type=\"name-element\" data-name=\"names\" class=\" ff-field_container ff-name-field-wrapper\" ><div class='ff-t-container'><div class='ff-t-cell '><div class='ff-el-group'><div class=\"ff-el-input--label asterisk-right\"><label for='ff_1_names_first_name_' id='label_ff_1_names_first_name_' >Vorname<\/label><\/div><div class='ff-el-input--content'><input type=\"text\" name=\"names[first_name]\" id=\"ff_1_names_first_name_\" class=\"ff-el-form-control\" placeholder=\"First Name\" aria-invalid=\"false\" aria-required=false><\/div><\/div><\/div><div class='ff-t-cell '><div class='ff-el-group'><div class=\"ff-el-input--label asterisk-right\"><label for='ff_1_names_last_name_' id='label_ff_1_names_last_name_' >Nachname<\/label><\/div><div class='ff-el-input--content'><input type=\"text\" name=\"names[last_name]\" id=\"ff_1_names_last_name_\" class=\"ff-el-form-control\" placeholder=\"Last Name\" aria-invalid=\"false\" aria-required=false><\/div><\/div><\/div><\/div><\/div><div class='ff-el-group'><div class=\"ff-el-input--label ff-el-is-required asterisk-right\"><label for='ff_1_email' id='label_ff_1_email' aria-label=\"Email\">Email<\/label><\/div><div class='ff-el-input--content'><input type=\"email\" name=\"email\" id=\"ff_1_email\" class=\"ff-el-form-control\" placeholder=\"Email Address\" data-name=\"email\"  aria-invalid=\"false\" aria-required=true><\/div><\/div><div class='ff-el-group'><div class=\"ff-el-input--label asterisk-right\"><label for='ff_1_subject' id='label_ff_1_subject' aria-label=\"Betreff\">Betreff<\/label><\/div><div class='ff-el-input--content'><input type=\"text\" name=\"subject\" class=\"ff-el-form-control\" placeholder=\"Betreff\" data-name=\"subject\" id=\"ff_1_subject\"  aria-invalid=\"false\" aria-required=false><\/div><\/div><div class='ff-el-group'><div class=\"ff-el-input--label ff-el-is-required asterisk-right\"><label for='ff_1_message' id='label_ff_1_message' aria-label=\"Ihre Nachricht\">Ihre Nachricht<\/label><\/div><div class='ff-el-input--content'><textarea aria-required=\"true\" aria-labelledby=\"label_ff_1_message\" name=\"message\" id=\"ff_1_message\" class=\"ff-el-form-control\" placeholder=\"Ihre Nachricht\" rows=\"4\" cols=\"2\" data-name=\"message\" ><\/textarea><\/div><\/div><div class='ff-el-group    ff-el-input--content'><div class='ff-el-form-check ff-el-tc'><label aria-label='Ich stimme zu, dass diese Website meine \u00fcbermittelten Informationen speichert, damit sie auf meine Anfrage antworten kann.' class='ff-el-form-check-label ff_tc_label' for=gdpr-agreement_39c5ba702008551baae75f0beefc803b><span class='ff_tc_checkbox'><input type=\"checkbox\" name=\"gdpr-agreement\" class=\"ff-el-form-check-input ff_gdpr_field\" data-name=\"gdpr-agreement\" id=\"gdpr-agreement_39c5ba702008551baae75f0beefc803b\"  value='on' aria-invalid='false' aria-required=true><\/span> <div class='ff_t_c'>Ich stimme zu, dass diese Website meine \u00fcbermittelten Informationen speichert, damit sie auf meine Anfrage antworten kann.<\/div><\/label><\/div><\/div><div class='ff-el-group ff-text-left ff_submit_btn_wrapper'><button type=\"submit\" class=\"ff-btn ff-btn-submit ff-btn-md ff_btn_style\"  aria-label=\"Senden\">Senden<\/button><\/div><\/fieldset><\/form><div id='fluentform_1_errors' class='ff-errors-in-stack ff_form_instance_1_1 ff-form-loading_errors ff_form_instance_1_1_errors'><\/div><\/div>            <script type=\"text\/javascript\">\n                window.fluent_form_ff_form_instance_1_1 = {\"id\":\"1\",\"settings\":{\"layout\":{\"labelPlacement\":\"top\",\"helpMessagePlacement\":\"with_label\",\"errorMessagePlacement\":\"inline\",\"cssClassName\":\"\",\"asteriskPlacement\":\"asterisk-right\"},\"restrictions\":{\"denyEmptySubmission\":{\"enabled\":false}}},\"form_instance\":\"ff_form_instance_1_1\",\"form_id_selector\":\"fluentform_1\",\"rules\":{\"names[first_name]\":{\"required\":{\"value\":false,\"message\":\"This field is required\",\"global\":false,\"global_message\":\"This field is required\"}},\"names[middle_name]\":{\"required\":{\"value\":false,\"message\":\"This field is required\",\"global\":false,\"global_message\":\"This field is required\"}},\"names[last_name]\":{\"required\":{\"value\":false,\"message\":\"This field is required\",\"global\":false,\"global_message\":\"This field is required\"}},\"email\":{\"required\":{\"value\":true,\"message\":\"This field is required\",\"global\":false,\"global_message\":\"This field is required\"},\"email\":{\"value\":true,\"message\":\"This field must contain a valid email\",\"global\":false,\"global_message\":\"This field must contain a valid email\"}},\"subject\":{\"required\":{\"value\":false,\"message\":\"This field is required\",\"global\":false,\"global_message\":\"This field is required\"}},\"message\":{\"required\":{\"value\":true,\"message\":\"This field is required\",\"global\":false,\"global_message\":\"This field is required\"}},\"gdpr-agreement\":{\"required\":{\"value\":true,\"message\":\"This field is required\",\"global_message\":\"This field is required\",\"global\":true}}},\"debounce_time\":300};\n                            <\/script>\n            \n\t<p><a href=\"https:\/\/allgreen-development.de\/index.php\/datenschutz\/\">Datenschutz<\/a> <a href=\"https:\/\/allgreen-development.de\/index.php\/impressum\/\">Impressum<\/a><\/p>\n\n","protected":false},"excerpt":{"rendered":"<p>Die Zukunft wohnt gesund. Wir verbringen nicht erst seit Corona immer mehr Zeit in den eigenen 4 W\u00e4nden. Darum ist ein gesundes Zuhause so wichtig. Wir haben uns zum Ziel gemacht, lebenswerte, klimaneutrale und schadstofffreie Geb\u00e4ude zu konstruieren und unseren Kunden ein generationengerechtes und modern ausgerichtetes Zuhause zu schaffen. Allgreen GmbH Wir setzen auf \u00fcber [&hellip;]<\/p>\n","protected":false},"author":1,"featured_media":0,"parent":0,"menu_order":0,"comment_status":"closed","ping_status":"closed","template":"","meta":{"footnotes":""},"class_list":["post-6","page","type-page","status-publish","hentry","wpbf-post"],"_links":{"self":[{"href":"https:\/\/allgreen-development.de\/index.php\/wp-json\/wp\/v2\/pages\/6","targetHints":{"allow":["GET"]}}],"collection":[{"href":"https:\/\/allgreen-development.de\/index.php\/wp-json\/wp\/v2\/pages"}],"about":[{"href":"https:\/\/allgreen-development.de\/index.php\/wp-json\/wp\/v2\/types\/page"}],"author":[{"embeddable":true,"href":"https:\/\/allgreen-development.de\/index.php\/wp-json\/wp\/v2\/users\/1"}],"replies":[{"embeddable":true,"href":"https:\/\/allgreen-development.de\/index.php\/wp-json\/wp\/v2\/comments?post=6"}],"version-history":[{"count":4,"href":"https:\/\/allgreen-development.de\/index.php\/wp-json\/wp\/v2\/pages\/6\/revisions"}],"predecessor-version":[{"id":132,"href":"https:\/\/allgreen-development.de\/index.php\/wp-json\/wp\/v2\/pages\/6\/revisions\/132"}],"wp:attachment":[{"href":"https:\/\/allgreen-development.de\/index.php\/wp-json\/wp\/v2\/media?parent=6"}],"curies":[{"name":"wp","href":"https:\/\/api.w.org\/{rel}","templated":true}]}}